{"id":1488,"date":"2022-03-04T03:42:59","date_gmt":"2022-03-04T03:42:59","guid":{"rendered":"https:\/\/imashipotecarios.com\/index.php\/home-2\/"},"modified":"2025-04-08T04:06:00","modified_gmt":"2025-04-08T04:06:00","slug":"home-2","status":"publish","type":"page","link":"https:\/\/imashipotecarios.com\/","title":{"rendered":"Inicio"},"content":{"rendered":"\n<div data-aos= \"fade\" data-aos-duration=\"400\" data-aos-delay=\"0\" data-aos-easing=\"ease\" data-aos-once=\"true\" class=\"wp-block-uagb-container uagb-block-64e0af8e alignfull uagb-is-root-container\"><div class=\"uagb-container-inner-blocks-wrap\">\n<div class=\"wp-block-uagb-container uagb-block-e86b760c\">\n<div class=\"wp-block-uagb-info-box uagb-block-68c6e07c uagb-infobox__content-wrap  uagb-infobox-icon-above-title uagb-infobox-image-valign-top\"><div class=\"uagb-ifb-content\"><div class=\"uagb-ifb-title-wrap\"><h1 class=\"uagb-ifb-title\">Le damos acceso a las familias y empresas mexicanas a su producto financiero ideal<\/h1><\/div><p class=\"uagb-ifb-desc\">Somos l\u00edderes en asesor\u00eda financiera<\/p><\/div><\/div>\n\n\n\n<div class=\"wp-block-uagb-container uagb-block-d467fab0\">\n<div class=\"wp-block-uagb-container uagb-block-ec27748c\">\n<div class=\"wp-block-uagb-buttons uagb-buttons__outer-wrap uagb-btn__default-btn uagb-btn-tablet__default-btn uagb-btn-mobile__default-btn uagb-block-8ca51e38\"><div class=\"uagb-buttons__wrap uagb-buttons-layout-wrap\">\n<div class=\"wp-block-uagb-buttons-child uagb-buttons__outer-wrap uagb-block-b592098d wp-block-button\"><div class=\"uagb-button__wrapper\"><a class=\"uagb-buttons-repeater wp-block-button__link\" href=\"#\" onclick=\"return false;\" rel=\"follow noopener\" target=\"_self\"><div class=\"uagb-button__link\">Agenda una asesor\u00eda<\/div><\/a><\/div><\/div>\n<\/div><\/div>\n<\/div>\n\n\n\n<div class=\"wp-block-uagb-container uagb-block-67742894\">\n<div class=\"wp-block-uagb-star-rating uagb-block-698982ac\"><div class=\"uag-star-rating\" title=\"5\/5\"><span class=\"uag-star\">\u2605<\/span><span class=\"uag-star\">\u2605<\/span><span class=\"uag-star\">\u2605<\/span><span class=\"uag-star\">\u2605<\/span><span class=\"uag-star\">\u2605<\/span><\/div><\/div>\n\n\n\n<div class=\"wp-block-uagb-advanced-heading uagb-block-3913c42d\"><p class=\"uagb-heading-text\">+1,000 clientes satisfechos<\/p><\/div>\n<\/div>\n<\/div>\n\n\n\n<div class=\"wp-block-uagb-info-box uagb-block-fc45e176 uagb-infobox__content-wrap  uagb-infobox-icon-left uagb-infobox-left uagb-infobox-image-valign-middle\"><div class=\"uagb-ifb-icon-wrap\"><div class=\"uagb-iconbox-icon-wrap uagb-infobox-shape-circle\"><svg xmlns=\"https:\/\/www.w3.org\/2000\/svg\" viewBox=\"0 0 512 512\"><path d=\"M168.3 499.2C116.1 435 0 279.4 0 192C0 85.96 85.96 0 192 0C287.7 0 366.1 69.96 381.6 161.5C328.5 170.3 288 216.4 288 272V296.6C268.9 307.6 256 328.3 256 352V446.8C240.7 467.4 226.7 485.4 215.7 499.2C203.4 514.5 180.6 514.5 168.3 499.2H168.3zM192 256C227.3 256 256 227.3 256 192C256 156.7 227.3 128 192 128C156.7 128 128 156.7 128 192C128 227.3 156.7 256 192 256zM400 192C444.2 192 480 227.8 480 272V320C497.7 320 512 334.3 512 352V480C512 497.7 497.7 512 480 512H320C302.3 512 288 497.7 288 480V352C288 334.3 302.3 320 320 320V272C320 227.8 355.8 192 400 192zM400 240C382.3 240 368 254.3 368 272V320H432V272C432 254.3 417.7 240 400 240z\"><\/path><\/svg><\/div><\/div><div class=\"uagb-ifb-content\"><div class=\"uagb-ifb-title-wrap\"><h5 class=\"uagb-ifb-title\">Asesor\u00edas disponibles solo en Toluca y Metepec, Estado de M\u00e9xico<\/h5><\/div><\/div><\/div>\n<\/div>\n\n\n\n<div class=\"wp-block-uagb-container uagb-block-b9ed9084\">\n<figure class=\"wp-block-image size-large is-style-rounded\"><img decoding=\"async\" loading=\"lazy\" width=\"1024\" height=\"683\" src=\"http:\/\/imashipotecarios.com\/wp-content\/uploads\/2023\/09\/20032627021622687558-1-1024x683.jpg\" alt=\"\" class=\"wp-image-2448\" srcset=\"https:\/\/imashipotecarios.com\/wp-content\/uploads\/2023\/09\/20032627021622687558-1-1024x683.jpg 1024w, https:\/\/imashipotecarios.com\/wp-content\/uploads\/2023\/09\/20032627021622687558-1-300x200.jpg 300w, https:\/\/imashipotecarios.com\/wp-content\/uploads\/2023\/09\/20032627021622687558-1-768x512.jpg 768w, https:\/\/imashipotecarios.com\/wp-content\/uploads\/2023\/09\/20032627021622687558-1-1536x1024.jpg 1536w, https:\/\/imashipotecarios.com\/wp-content\/uploads\/2023\/09\/20032627021622687558-1-2048x1365.jpg 2048w\" sizes=\"(max-width: 1024px) 100vw, 1024px\" \/><\/figure>\n<\/div>\n<\/div><\/div>\n\n\n\n<div data-aos= \"fade\" data-aos-duration=\"400\" data-aos-delay=\"0\" data-aos-easing=\"ease\" data-aos-once=\"true\" class=\"wp-block-uagb-container uagb-block-c14af0c7 alignwide uagb-is-root-container\">\n<div class=\"wp-block-uagb-container uagb-block-85f584b0\">\n<div class=\"wp-block-uagb-container uagb-block-158e10e4\">\n<div data-aos= \"fade\" data-aos-duration=\"400\" data-aos-delay=\"0\" data-aos-easing=\"ease\" data-aos-once=\"true\" class=\"wp-block-uagb-container uagb-block-df92a32d\">\n<div class=\"wp-block-uagb-info-box uagb-block-c8d2721e uagb-infobox__content-wrap  uagb-infobox-icon-above-title uagb-infobox-image-valign-top\"><div class=\"uagb-ifb-content\"><div class=\"uagb-ifb-title-wrap\"><span class=\"uagb-ifb-title-prefix\">01<\/span><h3 class=\"uagb-ifb-title\">Asesor\u00eda Hipotecaria<\/h3><\/div><p class=\"uagb-ifb-desc\">Te ayudamos a encontrar la mejor opci\u00f3n para adquirir tu propiedad con un cr\u00e9dito hipotecario<\/p><div class=\"uagb-ifb-separator\"><\/div><\/div><\/div>\n\n\n\n<figure class=\"wp-block-image size-large is-style-rounded\"><img decoding=\"async\" loading=\"lazy\" width=\"1024\" height=\"683\" src=\"http:\/\/imashipotecarios.com\/wp-content\/uploads\/2023\/09\/20032627021622687558-1-1024x683.jpg\" alt=\"\" class=\"wp-image-2448\" srcset=\"https:\/\/imashipotecarios.com\/wp-content\/uploads\/2023\/09\/20032627021622687558-1-1024x683.jpg 1024w, https:\/\/imashipotecarios.com\/wp-content\/uploads\/2023\/09\/20032627021622687558-1-300x200.jpg 300w, https:\/\/imashipotecarios.com\/wp-content\/uploads\/2023\/09\/20032627021622687558-1-768x512.jpg 768w, https:\/\/imashipotecarios.com\/wp-content\/uploads\/2023\/09\/20032627021622687558-1-1536x1024.jpg 1536w, https:\/\/imashipotecarios.com\/wp-content\/uploads\/2023\/09\/20032627021622687558-1-2048x1365.jpg 2048w\" sizes=\"(max-width: 1024px) 100vw, 1024px\" \/><\/figure>\n\n\n\n<div class=\"wp-block-buttons is-layout-flex\">\n<div class=\"wp-block-button\"><a class=\"wp-block-button__link wp-element-button\" href=\"72222123372\">Cont\u00e1ctanos<\/a><\/div>\n<\/div>\n<\/div>\n\n\n\n<div data-aos= \"fade\" data-aos-duration=\"400\" data-aos-delay=\"0\" data-aos-easing=\"ease\" data-aos-once=\"true\" class=\"wp-block-uagb-container uagb-block-b0b495f3\">\n<div class=\"wp-block-uagb-info-box uagb-block-871d59a4 uagb-infobox__content-wrap  uagb-infobox-icon-above-title uagb-infobox-image-valign-top\"><div class=\"uagb-ifb-content\"><div class=\"uagb-ifb-title-wrap\"><span class=\"uagb-ifb-title-prefix\">02<\/span><h3 class=\"uagb-ifb-title\">Asesor\u00eda Empresarial<\/h3><\/div><p class=\"uagb-ifb-desc\">Eu vestibulum praesent pretium platea fusce amet lobortis ut malesuada neque scelerisque pulvinar quisque turpis ut etiam sit volutpat.\u200b<\/p><div class=\"uagb-ifb-separator\"><\/div><\/div><\/div>\n\n\n\n<figure class=\"wp-block-image size-full is-resized is-style-rounded\"><img decoding=\"async\" loading=\"lazy\" src=\"https:\/\/imashipotecarios.com\/wp-content\/uploads\/2025\/04\/Diseno-sin-titulo-3.png\" alt=\"\" width=\"193\" height=\"193\"\/><\/figure>\n\n\n\n<div class=\"wp-block-buttons is-layout-flex\">\n<div class=\"wp-block-button\"><a class=\"wp-block-button__link wp-element-button\" href=\"72222123372\">Cont\u00e1ctanos<\/a><\/div>\n<\/div>\n<\/div>\n\n\n\n<div data-aos= \"fade\" data-aos-duration=\"400\" data-aos-delay=\"0\" data-aos-easing=\"ease\" data-aos-once=\"true\" class=\"wp-block-uagb-container uagb-block-f5f19d2e\">\n<div class=\"wp-block-uagb-info-box uagb-block-371c349d uagb-infobox__content-wrap  uagb-infobox-icon-above-title uagb-infobox-image-valign-top\"><div class=\"uagb-ifb-content\"><div class=\"uagb-ifb-title-wrap\"><span class=\"uagb-ifb-title-prefix\">03<\/span><h3 class=\"uagb-ifb-title\">Asesor\u00eda en Seguros<\/h3><\/div><p class=\"uagb-ifb-desc\">Te ayudamos a encontrar la mejor opci\u00f3n de acuerdo a tus necesidades en seguros de auto, GMM y vida <\/p><div class=\"uagb-ifb-separator\"><\/div><\/div><\/div>\n\n\n\n<figure class=\"wp-block-image size-large is-style-rounded\"><img decoding=\"async\" loading=\"lazy\" width=\"1024\" height=\"675\" src=\"http:\/\/imashipotecarios.com\/wp-content\/uploads\/2023\/08\/4031761931622688129-1024x675.jpg\" alt=\"\" class=\"wp-image-275\" srcset=\"https:\/\/imashipotecarios.com\/wp-content\/uploads\/2023\/08\/4031761931622688129-1024x675.jpg 1024w, https:\/\/imashipotecarios.com\/wp-content\/uploads\/2023\/08\/4031761931622688129-300x198.jpg 300w, https:\/\/imashipotecarios.com\/wp-content\/uploads\/2023\/08\/4031761931622688129-768x506.jpg 768w, https:\/\/imashipotecarios.com\/wp-content\/uploads\/2023\/08\/4031761931622688129-1536x1012.jpg 1536w, https:\/\/imashipotecarios.com\/wp-content\/uploads\/2023\/08\/4031761931622688129-2048x1350.jpg 2048w\" sizes=\"(max-width: 1024px) 100vw, 1024px\" \/><\/figure>\n\n\n\n<div class=\"wp-block-buttons is-layout-flex\">\n<div class=\"wp-block-button\"><a class=\"wp-block-button__link wp-element-button\" href=\"72222123372\">Cont\u00e1ctanos<\/a><\/div>\n<\/div>\n<\/div>\n\n\n\n<div class=\"wp-block-uagb-container uagb-block-32e9de49\">\n<div class=\"wp-block-uagb-info-box uagb-block-5d0f2ad5 uagb-infobox__content-wrap  uagb-infobox-icon-above-title uagb-infobox-image-valign-top\"><div class=\"uagb-ifb-content\"><div class=\"uagb-ifb-title-wrap\"><span class=\"uagb-ifb-title-prefix\">03<\/span><h3 class=\"uagb-ifb-title\">Asesor\u00eda en Autos<\/h3><\/div><p class=\"uagb-ifb-desc\">Te ayudamos a encontrar el mejor cr\u00e9dito para adquirir tu auto adapt\u00e1ndonos a tu presupuesto<\/p><div class=\"uagb-ifb-separator\"><\/div><\/div><\/div>\n\n\n\n<figure class=\"wp-block-image size-large is-style-rounded\"><img decoding=\"async\" loading=\"lazy\" width=\"1024\" height=\"653\" src=\"http:\/\/imashipotecarios.com\/wp-content\/uploads\/2023\/09\/3699217611622688129-1-1024x653.jpg\" alt=\"\" class=\"wp-image-2450\" srcset=\"https:\/\/imashipotecarios.com\/wp-content\/uploads\/2023\/09\/3699217611622688129-1-1024x653.jpg 1024w, https:\/\/imashipotecarios.com\/wp-content\/uploads\/2023\/09\/3699217611622688129-1-300x191.jpg 300w, https:\/\/imashipotecarios.com\/wp-content\/uploads\/2023\/09\/3699217611622688129-1-768x490.jpg 768w, https:\/\/imashipotecarios.com\/wp-content\/uploads\/2023\/09\/3699217611622688129-1-1536x980.jpg 1536w, https:\/\/imashipotecarios.com\/wp-content\/uploads\/2023\/09\/3699217611622688129-1-2048x1307.jpg 2048w\" sizes=\"(max-width: 1024px) 100vw, 1024px\" \/><\/figure>\n\n\n\n<div class=\"wp-block-buttons is-layout-flex\">\n<div class=\"wp-block-button\"><a class=\"wp-block-button__link wp-element-button\" href=\"72222123372\">Cont\u00e1ctanos<\/a><\/div>\n<\/div>\n<\/div>\n<\/div>\n\n\n\n<div class=\"wp-block-uagb-advanced-heading uagb-block-8a78923b\"><h2 class=\"uagb-heading-text\">Te ayudamos a escoger la opci\u00f3n ideal<\/h2><\/div>\n\n\n\n<div class=\"wp-block-uagb-advanced-heading uagb-block-70cd6e4f\"><p class=\"uagb-heading-text\">+1,000 Clientes satisfechos<\/p><\/div>\n\n\n\n<div class=\"wp-block-uagb-info-box uagb-block-78b0be47 uagb-infobox__content-wrap  uagb-infobox-icon-above-title uagb-infobox-image-valign-top\"><div class=\"uagb-ifb-content\"><div class=\"uagb-ifb-title-wrap\"><span class=\"uagb-ifb-title-prefix\">Why us<\/span><h2 class=\"uagb-ifb-title\">\u00bfComo funciona?<\/h2><\/div><\/div><\/div>\n\n\n\n<div class=\"wp-block-uagb-container uagb-block-465e9818\">\n<div class=\"wp-block-uagb-info-box uagb-block-4894f1a9 uagb-infobox__content-wrap  uagb-infobox-icon-above-title uagb-infobox-image-valign-top\"><div class=\"uagb-ifb-content\"><div class=\"uagb-ifb-icon-wrap\"><svg xmlns=\"https:\/\/www.w3.org\/2000\/svg\" viewBox=\"0 0 256 512\"><path d=\"M256 448c0 17.67-14.33 32-32 32H32c-17.67 0-32-14.33-32-32s14.33-32 32-32h64V123.8L49.75 154.6C35.02 164.5 15.19 160.4 5.375 145.8C-4.422 131.1-.4531 111.2 14.25 101.4l96-64c9.828-6.547 22.45-7.187 32.84-1.594C153.5 41.37 160 52.22 160 64.01v352h64C241.7 416 256 430.3 256 448z\"><\/path><\/svg><\/div><div class=\"uagb-ifb-title-wrap\"><h5 class=\"uagb-ifb-title\">Ll\u00e1manos<\/h5><\/div><p class=\"uagb-ifb-desc\">Cont\u00e1ctanos para conocer m\u00e1s acerca de lo que buscas<\/p><\/div><\/div>\n<\/div>\n\n\n\n<div class=\"wp-block-uagb-container uagb-block-4fec589e\">\n<div class=\"wp-block-uagb-info-box uagb-block-7903b9db uagb-infobox__content-wrap  uagb-infobox-icon-above-title uagb-infobox-image-valign-top\"><div class=\"uagb-ifb-content\"><div class=\"uagb-ifb-icon-wrap\"><svg xmlns=\"https:\/\/www.w3.org\/2000\/svg\" viewBox=\"0 0 320 512\"><path d=\"M320 448c0 17.67-14.33 32-32 32H32c-13.08 0-24.83-7.953-29.7-20.09c-4.859-12.12-1.859-26 7.594-35.03l193.6-185.1c31.36-30.17 33.95-80 5.812-113.4c-14.91-17.69-35.86-28.12-58.97-29.38C127.4 95.83 105.3 103.9 88.53 119.9L53.52 151.7c-13.08 11.91-33.33 10.89-45.2-2.172C-3.563 136.5-2.594 116.2 10.48 104.3l34.45-31.3c28.67-27.34 68.39-42.11 108.9-39.88c40.33 2.188 78.39 21.16 104.4 52.03c49.8 59.05 45.2 147.3-10.45 200.8l-136 130H288C305.7 416 320 430.3 320 448z\"><\/path><\/svg><\/div><div class=\"uagb-ifb-title-wrap\"><h5 class=\"uagb-ifb-title\">Agenda una asesor\u00eda<\/h5><\/div><p class=\"uagb-ifb-desc\">Despu\u00e9s de la llamada agendamos una cita en nuestra oficina para darte mas detalles acerca del producto financiero que buscas<\/p><\/div><\/div>\n<\/div>\n\n\n\n<div class=\"wp-block-uagb-container uagb-block-e4a4b389\">\n<div class=\"wp-block-uagb-info-box uagb-block-62dab7a3 uagb-infobox__content-wrap  uagb-infobox-icon-above-title uagb-infobox-image-valign-top\"><div class=\"uagb-ifb-content\"><div class=\"uagb-ifb-icon-wrap\"><svg xmlns=\"https:\/\/www.w3.org\/2000\/svg\" viewBox=\"0 0 320 512\"><path d=\"M320 344c0 74.98-61.02 136-136 136H103.6c-46.34 0-87.31-29.53-101.1-73.48c-5.594-16.77 3.484-34.88 20.25-40.47c16.75-5.609 34.89 3.484 40.47 20.25c5.922 17.77 22.48 29.7 41.23 29.7H184c39.7 0 72-32.3 72-72s-32.3-72-72-72H80c-13.2 0-25.05-8.094-29.83-20.41C45.39 239.3 48.66 225.3 58.38 216.4l131.4-120.4H32c-17.67 0-32-14.33-32-32s14.33-32 32-32h240c13.2 0 25.05 8.094 29.83 20.41c4.781 12.3 1.516 26.27-8.203 35.19l-131.4 120.4H184C258.1 208 320 269 320 344z\"><\/path><\/svg><\/div><div class=\"uagb-ifb-title-wrap\"><h5 class=\"uagb-ifb-title\">Ven a nuestra oficina<\/h5><\/div><p class=\"uagb-ifb-desc\">En nuestra oficina te damos detalles acerca de las mejores opciones de acuerdo a tu presupuesto y necesidades<\/p><\/div><\/div>\n<\/div>\n\n\n\n<div class=\"wp-block-uagb-container uagb-block-7ecf2a51\">\n<div class=\"wp-block-uagb-info-box uagb-block-c0dffacb uagb-infobox__content-wrap  uagb-infobox-icon-above-title uagb-infobox-image-valign-top\"><div class=\"uagb-ifb-content\"><div class=\"uagb-ifb-icon-wrap\"><svg xmlns=\"https:\/\/www.w3.org\/2000\/svg\" viewBox=\"0 0 384 512\"><path d=\"M384 334.2c0 17.67-14.33 32-32 32h-32v81.78c0 17.67-14.33 32-32 32s-32-14.33-32-32v-81.78H32c-10.97 0-21.17-5.625-27.05-14.89c-5.859-9.266-6.562-20.89-1.875-30.81l128-270.2C138.6 34.33 157.8 27.56 173.7 35.09c15.97 7.562 22.78 26.66 15.22 42.63L82.56 302.2H256V160c0-17.67 14.33-32 32-32s32 14.33 32 32v142.2h32C369.7 302.2 384 316.6 384 334.2z\"><\/path><\/svg><\/div><div class=\"uagb-ifb-title-wrap\"><h5 class=\"uagb-ifb-title\">Comienza el proceso para obtener tu producto financiero<\/h5><\/div><p class=\"uagb-ifb-desc\">Comenzamos a realizar los tr\u00e1mites y a darte seguimiento durante todo el proceso, incluyendo cualquier complicaci\u00f3n que se presente<\/p><\/div><\/div>\n<\/div>\n<\/div>\n<\/div>\n\n\n\n<div class=\"wp-block-uagb-container uagb-block-57242a91 alignfull uagb-is-root-container\"><div class=\"uagb-container-inner-blocks-wrap\">\n<div class=\"wp-block-uagb-info-box uagb-block-2dda73fb uagb-infobox__content-wrap  uagb-infobox-icon-above-title uagb-infobox-image-valign-top\"><div class=\"uagb-ifb-content\"><div class=\"uagb-ifb-title-wrap\"><h1 class=\"uagb-ifb-title\">Escoger un producto financiero nunca fue tan f\u00e1cil<\/h1><\/div><div class=\"uagb-ifb-button-wrapper wp-block-button\"><a href=\"72222123372\" class=\"uagb-infobox-cta-link wp-block-button__link\" target=\"_self\" rel=\"noopener noreferrer\" onclick=\"return true;\" alt=\"\"><span class=\"uagb-inline-editing\">Cont\u00e1ctanos<\/span><\/a><\/div><\/div><\/div>\n<\/div><\/div>\n\n\n\n<div class=\"wp-block-uagb-container uagb-block-2680a5ad alignfull uagb-is-root-container\"><div class=\"uagb-container-inner-blocks-wrap\">\n<div class=\"wp-block-uagb-advanced-heading uagb-block-bc93f32d\"><h3 class=\"uagb-heading-text\">&#8220;<strong>Experiencia Real, Confianza Verdadera<\/strong>!&#8221;\u200b<\/h3><p class=\"uagb-desc-text\"><em>Desde el inicio, IMAS Hipotecarios marc\u00f3 la diferencia. Su profesionalismo y dedicaci\u00f3n brillaron a lo largo de todo el proceso. Incluso con la complejidad y el tiempo que normalmente implica elegir la vivienda perfecta, nos guiaron con paciencia, asegurando que cada paso fuera claro y conciso. Los tr\u00e1mites con el banco y la constructora, gestionados por IMAS, fueron \u00e1giles y sin complicaciones. La notar\u00eda y el seguimiento personalizado no hicieron m\u00e1s que confirmar que est\u00e1bamos en las mejores manos.<\/em><\/p><\/div>\n\n\n\n<div class=\"wp-block-uagb-info-box uagb-block-10c323d0 uagb-infobox__content-wrap  uagb-infobox-icon-above-title uagb-infobox-image-valign-top\"><div class=\"uagb-ifb-content\"><div class=\"uagb-ifb-title-wrap\"><h3 class=\"uagb-ifb-title\"><strong><strong>Ricardo Cuevas<\/strong><\/strong><\/h3><\/div><p class=\"uagb-ifb-desc\">Cliente Feliz de IMAS Hipotecarios<\/p><\/div><\/div>\n<\/div><\/div>\n\n\n\n<div class=\"wp-block-uagb-container uagb-block-5dda6de1 alignfull uagb-is-root-container\"><div class=\"uagb-container-inner-blocks-wrap\">\n<div class=\"wp-block-uagb-container uagb-block-26626bb7\">\n<div class=\"wp-block-uagb-container uagb-block-b1441541\">\n<div class=\"wp-block-uagb-advanced-heading uagb-block-90214b0c\"><h3 class=\"uagb-heading-text\">\u00bfEres agente de seguros, asesor inmobiliario y buscas aumentar tu cartera de clientes?<\/h3><p class=\"uagb-desc-text\">Diversifica tu portafolio teni\u00e9ndonos como oficina de confianza para facilitar tr\u00e1mites y aumentar tus ventas.<\/p><\/div>\n<\/div>\n\n\n\n<div class=\"wp-block-uagb-container uagb-block-588ed46a\">\n<div class=\"wp-block-uagb-buttons uagb-buttons__outer-wrap uagb-btn__default-btn uagb-btn-tablet__default-btn uagb-btn-mobile__default-btn uagb-block-ac87207d\"><div class=\"uagb-buttons__wrap uagb-buttons-layout-wrap\">\n<div class=\"wp-block-uagb-buttons-child uagb-buttons__outer-wrap uagb-block-91758d1a wp-block-button\"><div class=\"uagb-button__wrapper\"><a class=\"uagb-buttons-repeater wp-block-button__link\" href=\"72222123372\" onclick=\"return true;\" rel=\"follow noopener\" target=\"_self\"><div class=\"uagb-button__link\">Cont\u00e1ctanos<\/div><\/a><\/div><\/div>\n<\/div><\/div>\n<\/div>\n<\/div>\n<\/div><\/div>\n","protected":false},"excerpt":{"rendered":"<p>+1,000 clientes satisfechos Te ayudamos a escoger la opci\u00f3n ideal +1,000 Clientes satisfechos &#8220;Experiencia Real, Confianza Verdadera!&#8221;\u200b Desde el inicio, IMAS Hipotecarios marc\u00f3 la diferencia. Su profesionalismo y dedicaci\u00f3n brillaron a lo largo de todo el proceso. Incluso con la complejidad y el tiempo que normalmente implica elegir la vivienda perfecta, nos guiaron con paciencia, &hellip;<\/p>\n<p class=\"read-more\"> <a class=\"\" href=\"https:\/\/imashipotecarios.com\/\"> <span class=\"screen-reader-text\">Inicio<\/span> Read More &raquo;<\/a><\/p>\n","protected":false},"author":1,"featured_media":0,"parent":0,"menu_order":0,"comment_status":"closed","ping_status":"closed","template":"","meta":{"om_disable_all_campaigns":false,"_uag_custom_page_level_css":"","_monsterinsights_skip_tracking":false,"_monsterinsights_sitenote_active":false,"_monsterinsights_sitenote_note":"","_monsterinsights_sitenote_category":0,"site-sidebar-layout":"no-sidebar","site-content-layout":"page-builder","ast-global-header-display":"","ast-banner-title-visibility":"","ast-main-header-display":"","ast-hfb-above-header-display":"","ast-hfb-below-header-display":"","ast-hfb-mobile-header-display":"","site-post-title":"disabled","ast-breadcrumbs-content":"","ast-featured-img":"disabled","footer-sml-layout":"","theme-transparent-header-meta":"disabled","adv-header-id-meta":"","stick-header-meta":"","header-above-stick-meta":"","header-main-stick-meta":"","header-below-stick-meta":""},"aioseo_notices":[],"uagb_featured_image_src":{"full":false,"thumbnail":false,"medium":false,"medium_large":false,"large":false,"1536x1536":false,"2048x2048":false},"uagb_author_info":{"display_name":"imashipotecarios-com.preview-domain.com","author_link":"https:\/\/imashipotecarios.com\/index.php\/author\/imashipotecarios-com\/"},"uagb_comment_info":0,"uagb_excerpt":"+1,000 clientes satisfechos Te ayudamos a escoger la opci\u00f3n ideal +1,000 Clientes satisfechos &#8220;Experiencia Real, Confianza Verdadera!&#8221;\u200b Desde el inicio, IMAS Hipotecarios marc\u00f3 la diferencia. Su profesionalismo y dedicaci\u00f3n brillaron a lo largo de todo el proceso. Incluso con la complejidad y el tiempo que normalmente implica elegir la vivienda perfecta, nos guiaron con paciencia,&hellip;","_links":{"self":[{"href":"https:\/\/imashipotecarios.com\/index.php\/wp-json\/wp\/v2\/pages\/1488"}],"collection":[{"href":"https:\/\/imashipotecarios.com\/index.php\/wp-json\/wp\/v2\/pages"}],"about":[{"href":"https:\/\/imashipotecarios.com\/index.php\/wp-json\/wp\/v2\/types\/page"}],"author":[{"embeddable":true,"href":"https:\/\/imashipotecarios.com\/index.php\/wp-json\/wp\/v2\/users\/1"}],"replies":[{"embeddable":true,"href":"https:\/\/imashipotecarios.com\/index.php\/wp-json\/wp\/v2\/comments?post=1488"}],"version-history":[{"count":16,"href":"https:\/\/imashipotecarios.com\/index.php\/wp-json\/wp\/v2\/pages\/1488\/revisions"}],"predecessor-version":[{"id":2518,"href":"https:\/\/imashipotecarios.com\/index.php\/wp-json\/wp\/v2\/pages\/1488\/revisions\/2518"}],"wp:attachment":[{"href":"https:\/\/imashipotecarios.com\/index.php\/wp-json\/wp\/v2\/media?parent=1488"}],"curies":[{"name":"wp","href":"https:\/\/api.w.org\/{rel}","templated":true}]}}